{"id":3572,"date":"2022-06-13T14:58:23","date_gmt":"2022-06-13T14:58:23","guid":{"rendered":"https:\/\/marcaymercado.info\/websites\/GALINDO\/?page_id=3572"},"modified":"2022-08-04T15:45:15","modified_gmt":"2022-08-04T19:45:15","slug":"maria-alejandra-galindo-canedo","status":"publish","type":"page","link":"https:\/\/www.galindocanedolawfirm.com\/en\/maria-alejandra-galindo-canedo\/","title":{"rendered":"MARIA ALEJANDRA GALINDO CANEDO"},"content":{"rendered":"<p>[vc_row wrap_container=&#8221;yes&#8221; el_class=&#8221;py-5 mt-4&#8243; css=&#8221;.vc_custom_1608025504739{border-bottom-width: 1px !important;border-bottom-color: rgba(0,0,0,0.06) !important;border-bottom-style: solid !important;}&#8221;][vc_column][vc_row_inner][vc_column_inner width=&#8221;1\/3&#8243;][vc_single_image image=&#8221;3161&#8243; img_size=&#8221;350&#215;490&#8243; alignment=&#8221;center&#8221; style=&#8221;vc_box_border&#8221;][vc_text_separator title=&#8221;&#8221; i_icon_fontawesome=&#8221;fas fa-building&#8221; i_color=&#8221;mulled_wine&#8221; i_size=&#8221;lg&#8221; add_icon=&#8221;true&#8221;][vc_column_text]<\/p>\n<p style=\"text-align: center;\"><span style=\"font-size: 19px;\"><strong>MARIA ALEJANDRA GALINDO CANEDO<\/strong><\/span><br \/>\nPARTNER<\/p>\n<p>[\/vc_column_text]<div class=\"porto-feature-box wpb_content_element \"><div class=\"feature-box feature-box-style-2\"><div class=\"feature-box-icon\"><i class=\"fab fa-linkedin\" style=\"font-size:30px\"><\/i><\/div><div class=\"feature-box-info\">[vc_custom_heading text=&#8221;Linkedin&#8221; font_container=&#8221;tag:h2|font_size:12|text_align:left&#8221; use_theme_fonts=&#8221;yes&#8221; css=&#8221;.vc_custom_1655132448409{margin-top: 0px !important;margin-bottom: 0px !important;}&#8221; link=&#8221;url:https%3A%2F%2Fwww.linkedin.com%2Fin%2Fmaria-alejandra-galindo-canedo-40a24882%2F|target:_blank&#8221;]<\/div><\/div><\/div><div class=\"porto-feature-box wpb_content_element \"><div class=\"feature-box feature-box-style-2\"><div class=\"feature-box-icon\"><i class=\"fas fa-envelope\" style=\"font-size:30px\"><\/i><\/div><div class=\"feature-box-info\">[vc_custom_heading text=&#8221;m.alejandra@galindocanedolawfirm.com&#8221; font_container=&#8221;tag:h2|font_size:12|text_align:left&#8221; use_theme_fonts=&#8221;yes&#8221; css=&#8221;.vc_custom_1655132424755{margin-top: 0px !important;margin-bottom: 0px !important;}&#8221;]<\/div><\/div><\/div>[\/vc_column_inner][vc_column_inner width=&#8221;2\/3&#8243;][vc_text_separator title=&#8221;Academic background&#8221; color=&#8221;custom&#8221; accent_color=&#8221;#7e141f&#8221;][vc_column_text]<\/p>\n<ul>\n<li>Master&#8217;s Degree in International Relations and Communication, Centro Boliviano de Estudios Multidisciplinarios (C.B.E.M), in collaboration with the Universidad Complutense de Madrid and FLACSON de la Cordillera and Agencia E.F.E.<\/li>\n<li>Master&#8217;s Degree in Constitutional Law, Universidad Mayor de San Andr\u00e9s and Universidad Andina Sim\u00f3n Bol\u00edvar.<\/li>\n<li>Diploma in Higher Education, Universidad UTEPSA.<\/li>\n<li>Diploma in Oil and Gas Law, Universidad Privada Santa Cruz UPSA.<\/li>\n<li>Law Degree, Universidad Franz Tamayo.<\/li>\n<\/ul>\n<p>[\/vc_column_text][vc_text_separator title=&#8221;Work experience&#8221; color=&#8221;custom&#8221; accent_color=&#8221;#7e141f&#8221;][vc_column_text]Maria Alejandra Galindo Canedo has an extensive and recognized experience advising operations in the energy, oil &amp; gas industry, regarding all aspects related to its operations in Bolivia, including negotiations of Natural Gas Purchase and Sale Contracts, both to Brazil and Argentina, Transportation Contracts, Operations Contracts, and Service Contracts obtaining and renewing authorizations and permits from regulators and Controlled Substances in the corresponding authorities. She has maintained outstanding participation for more than twenty years in the Hydrocarbons Industry in Bolivia. She has been a member of the Staff of Petrobras Bolivia S.A. for almost fifteen years and more than four years in Yacimientos Petrol\u00edferos Fiscales Bolivianos, being Director in both YPFB ANDINA S.A. and YPFB CHACO, participating in negotiations and decision making.<\/p>\n<p>In addition to her extensive experience in the hydrocarbons sector, Maria Alejandra Galindo has excelled in her professional career by providing advice and analysis of Risk Sharing Agreements, corporate and regulatory advisory, as well as participation in public bids. She also participated as a Consultant at the Inter-American Development Bank (IDB) based in Washington D.C. in the Retirement Department of South America &amp; Caribbean and the Legal Department of Human Resources.<\/p>\n<p>Besides her broad and outstanding experience in the hydrocarbons sector, she has extensive experience in corporate matters, banking, executive processes, and family matters.[\/vc_column_text][vc_text_separator title=&#8221;AREA OF PRACTICE&#8221; color=&#8221;custom&#8221; accent_color=&#8221;#7e141f&#8221;][vc_column_text]<\/p>\n<p style=\"text-align: center;\"><a href=\"https:\/\/www.galindocanedolawfirm.com\/en\/corporative\/\">CORPORATIVE<\/a> l <a href=\"https:\/\/www.galindocanedolawfirm.com\/en\/administrative-law\/\">ADMINISTRATIVE LAW<\/a> l\u00a0 <a href=\"https:\/\/www.galindocanedolawfirm.com\/en\/banking-and-finance\/\">BANKING AND FINANCE<\/a> l <a href=\"https:\/\/www.galindocanedolawfirm.com\/en\/labor-law\/\">LABOR LAW<\/a> l\u00a0 <a href=\"https:\/\/www.galindocanedolawfirm.com\/en\/mining-law\/\">MINING LAW<\/a> l <a href=\"https:\/\/www.galindocanedolawfirm.com\/en\/hydrocarbons-and-energy-law\/\">HYDROCARBONS AND ENERGY LAW<\/a> l <a href=\"https:\/\/www.galindocanedolawfirm.com\/en\/family-law\/\">FAMILY LAW<\/a> l <a href=\"https:\/\/www.galindocanedolawfirm.com\/en\/telecomunication\/\">TELECOMUNICATION<\/a><\/p>\n<p>[\/vc_column_text][vc_text_separator title=&#8221;LANGUAGES&#8221; color=&#8221;custom&#8221; accent_color=&#8221;#7e141f&#8221;]<div class=\"porto-feature-box wpb_content_element \"><div class=\"feature-box feature-box-style-2\"><div class=\"feature-box-icon\"><i class=\"Simple-Line-Icons-check\" style=\"font-size:22px\"><\/i><\/div><div class=\"feature-box-info\">[vc_custom_heading text=&#8221;SPANISH&#8221; font_container=&#8221;tag:h2|font_size:12|text_align:left&#8221; use_theme_fonts=&#8221;yes&#8221; css=&#8221;.vc_custom_1659641929542{margin-top: 0px !important;margin-bottom: 0px !important;}&#8221;]<\/div><\/div><\/div><div class=\"porto-feature-box wpb_content_element \"><div class=\"feature-box feature-box-style-2\"><div class=\"feature-box-icon\"><i class=\"Simple-Line-Icons-check\" style=\"font-size:22px\"><\/i><\/div><div class=\"feature-box-info\">[vc_custom_heading text=&#8221;ENGLISH&#8221; font_container=&#8221;tag:h2|font_size:12|text_align:left&#8221; use_theme_fonts=&#8221;yes&#8221; css=&#8221;.vc_custom_1659641948542{margin-top: 0px !important;margin-bottom: 0px !important;}&#8221;]<\/div><\/div><\/div><div class=\"porto-feature-box wpb_content_element \"><div class=\"feature-box feature-box-style-2\"><div class=\"feature-box-icon\"><i class=\"Simple-Line-Icons-check\" style=\"font-size:22px\"><\/i><\/div><div class=\"feature-box-info\">[vc_custom_heading text=&#8221;INTERMEDIATE PORTUGUESE&#8221; font_container=&#8221;tag:h2|font_size:12|text_align:left&#8221; use_theme_fonts=&#8221;yes&#8221; css=&#8221;.vc_custom_1659641972311{margin-top: 0px !important;margin-bottom: 0px !important;}&#8221;]<\/div><\/div><\/div>[\/vc_column_inner][\/vc_row_inner][\/vc_column][\/vc_row][vc_row full_width=&#8221;stretch_row_content&#8221; content_placement=&#8221;middle&#8221; wrap_container=&#8221;yes&#8221; animation_delay=&#8221;&#8221; css=&#8221;.vc_custom_1654706518193{padding-top: 35px !important;background-color: #7e141f !important;background-position: center !important;background-repeat: no-repeat !important;background-size: contain !important;}&#8221;][vc_column width=&#8221;1\/2&#8243; offset=&#8221;vc_col-lg-6&#8243; el_class=&#8221;mb-5 mb-xl-0&#8243;][vc_custom_heading text=&#8221;Do you need our services?&#8221; font_container=&#8221;tag:h2|font_size:2.75em|text_align:center|color:%23ffffff&#8221; use_theme_fonts=&#8221;yes&#8221; font_weight=&#8221;700&#8243; skin=&#8221;light&#8221; letter_spacing=&#8221;-1px&#8221; animation_delay=&#8221;750&#8243; el_class=&#8221;mb-2 font-style-normal&#8221; animation_type=&#8221;lightSpeedIn&#8221;][vc_custom_heading text=&#8221;Leave us your information so that an expert can contact you.&#8221; font_container=&#8221;tag:h5|text_align:center|line_height:26px&#8221; use_theme_fonts=&#8221;yes&#8221; skin=&#8221;light&#8221; animation_delay=&#8221;950&#8243; el_class=&#8221;mb-0 opacity-8&#8243; animation_type=&#8221;lightSpeedIn&#8221; css=&#8221;.vc_custom_1659642277545{padding-top: 10px !important;padding-bottom: 10px !important;}&#8221;][vc_btn title=&#8221;CONTACT US&#8221; align=&#8221;center&#8221; i_icon_fontawesome=&#8221;far fa-envelope&#8221; skin=&#8221;primary&#8221; btn_fw=&#8221;600&#8243; add_icon=&#8221;true&#8221; link=&#8221;url:https%3A%2F%2Fwww.galindocanedolawfirm.com%2Fen%2Fcontact-us-at%2F|title:Contacto&#8221; btn_px=&#8221;2.4rem&#8221; btn_py=&#8221;1rem&#8221; el_class=&#8221;text-uppercase mb-0 btnsoe&#8221; css=&#8221;.vc_custom_1659642297080{padding-top: 10px !important;padding-bottom: 10px !important;}&#8221;][\/vc_column][vc_column width=&#8221;1\/2&#8243;][vc_single_image image=&#8221;3322&#8243; img_size=&#8221;700&#215;383&#8243;][\/vc_column][\/vc_row]<\/p>\n","protected":false},"excerpt":{"rendered":"<p>[vc_row wrap_container=&#8221;yes&#8221; el_class=&#8221;py-5 mt-4&#8243; css=&#8221;.vc_custom_1608025504739{border-bottom-width: 1px !important;border-bottom-color: rgba(0,0,0,0.06) !important;border-bottom-style: solid !important;}&#8221;][vc_column][vc_row_inner][vc_column_inner width=&#8221;1\/3&#8243;][vc_single_image image=&#8221;3161&#8243; img_size=&#8221;350&#215;490&#8243; alignment=&#8221;center&#8221; style=&#8221;vc_box_border&#8221;][vc_text_separator title=&#8221;&#8221; i_icon_fontawesome=&#8221;fas fa-building&#8221; i_color=&#8221;mulled_wine&#8221; i_size=&#8221;lg&#8221; add_icon=&#8221;true&#8221;][vc_column_text] MARIA ALEJANDRA GALINDO CANEDO PARTNER [\/vc_column_text][\/vc_column_inner][vc_column_inner width=&#8221;2\/3&#8243;][vc_text_separator title=&#8221;Academic background&#8221; color=&#8221;custom&#8221; accent_color=&#8221;#7e141f&#8221;][vc_column_text] Master&#8217;s Degree in International Relations and Communication, Centro Boliviano de Estudios Multidisciplinarios (C.B.E.M), in collaboration with the Universidad Complutense de Madrid and [&hellip;]<\/p>\n","protected":false},"author":1,"featured_media":0,"parent":0,"menu_order":0,"comment_status":"closed","ping_status":"closed","template":"","meta":{"footnotes":""},"class_list":["post-3572","page","type-page","status-publish","hentry"],"_links":{"self":[{"href":"https:\/\/www.galindocanedolawfirm.com\/en\/wp-json\/wp\/v2\/pages\/3572","targetHints":{"allow":["GET"]}}],"collection":[{"href":"https:\/\/www.galindocanedolawfirm.com\/en\/wp-json\/wp\/v2\/pages"}],"about":[{"href":"https:\/\/www.galindocanedolawfirm.com\/en\/wp-json\/wp\/v2\/types\/page"}],"author":[{"embeddable":true,"href":"https:\/\/www.galindocanedolawfirm.com\/en\/wp-json\/wp\/v2\/users\/1"}],"replies":[{"embeddable":true,"href":"https:\/\/www.galindocanedolawfirm.com\/en\/wp-json\/wp\/v2\/comments?post=3572"}],"version-history":[{"count":6,"href":"https:\/\/www.galindocanedolawfirm.com\/en\/wp-json\/wp\/v2\/pages\/3572\/revisions"}],"predecessor-version":[{"id":3831,"href":"https:\/\/www.galindocanedolawfirm.com\/en\/wp-json\/wp\/v2\/pages\/3572\/revisions\/3831"}],"wp:attachment":[{"href":"https:\/\/www.galindocanedolawfirm.com\/en\/wp-json\/wp\/v2\/media?parent=3572"}],"curies":[{"name":"wp","href":"https:\/\/api.w.org\/{rel}","templated":true}]}}