{"id":3424,"date":"2022-06-09T14:21:56","date_gmt":"2022-06-09T14:21:56","guid":{"rendered":"https:\/\/marcaymercado.info\/websites\/GALINDO\/?page_id=3424"},"modified":"2022-08-04T15:34:36","modified_gmt":"2022-08-04T19:34:36","slug":"rosario-canedo-justiniano","status":"publish","type":"page","link":"https:\/\/www.galindocanedolawfirm.com\/en\/rosario-canedo-justiniano\/","title":{"rendered":"ROSARIO CANEDO JUSTINIANO"},"content":{"rendered":"<p>[vc_row wrap_container=&#8221;yes&#8221; el_class=&#8221;py-5 mt-4&#8243; css=&#8221;.vc_custom_1608025504739{border-bottom-width: 1px !important;border-bottom-color: rgba(0,0,0,0.06) !important;border-bottom-style: solid !important;}&#8221;][vc_column][vc_row_inner][vc_column_inner width=&#8221;1\/3&#8243;][vc_single_image image=&#8221;3158&#8243; img_size=&#8221;350&#215;490&#8243; alignment=&#8221;center&#8221; style=&#8221;vc_box_border&#8221;][vc_text_separator title=&#8221;&#8221; i_icon_fontawesome=&#8221;fas fa-building&#8221; i_color=&#8221;mulled_wine&#8221; i_size=&#8221;lg&#8221; add_icon=&#8221;true&#8221;][vc_column_text]<\/p>\n<p style=\"text-align: center;\"><span style=\"font-size: 19px;\"><strong>ROSARIO CANEDO JUSTINIANO<\/strong><\/span><br \/>\nFOUNDING PARTNER[\/vc_column_text]<div class=\"porto-feature-box wpb_content_element \"><div class=\"feature-box feature-box-style-2\"><div class=\"feature-box-icon\"><i class=\"fab fa-linkedin\" style=\"font-size:30px\"><\/i><\/div><div class=\"feature-box-info\">[vc_custom_heading text=&#8221;Linkedin&#8221; font_container=&#8221;tag:h2|font_size:12|text_align:left&#8221; use_theme_fonts=&#8221;yes&#8221; css=&#8221;.vc_custom_1654991817073{margin-top: 0px !important;margin-bottom: 0px !important;}&#8221;]<\/div><\/div><\/div><div class=\"porto-feature-box wpb_content_element \"><div class=\"feature-box feature-box-style-2\"><div class=\"feature-box-icon\"><i class=\"fas fa-envelope\" style=\"font-size:30px\"><\/i><\/div><div class=\"feature-box-info\">[vc_custom_heading text=&#8221;rcanedo@galindocanedolawfirm.com&#8221; font_container=&#8221;tag:h2|font_size:12|text_align:left&#8221; use_theme_fonts=&#8221;yes&#8221; css=&#8221;.vc_custom_1659480961220{margin-top: 0px !important;margin-bottom: 0px !important;}&#8221; link=&#8221;url:mailto%3Arcanedo%40galindocanedolawfirm.com|target:_blank&#8221;]<\/div><\/div><\/div>[\/vc_column_inner][vc_column_inner width=&#8221;2\/3&#8243;][vc_text_separator title=&#8221;Academic Background&#8221; color=&#8221;custom&#8221; accent_color=&#8221;#7e141f&#8221;][vc_column_text]<\/p>\n<ul>\n<li>Master&#8217;s Degree in Criminal Sciences and Criminal Procedures, Universidad de San Andr\u00e9s.<\/li>\n<li>Master&#8217;s Degree in Economic Law, Universidad Andina Sim\u00f3n Bol\u00edvar.<\/li>\n<li>Master&#8217;s Degree in Constitutional Law and Constitutional Procedures, Universidad Mayor de San Andres and Universidad Andina<\/li>\n<li>Master&#8217;s Degree in Development, Defense, and Security<\/li>\n<li>Diploma in Criminal Sciences, Universidad de la Habana &#8211; Cuba.<\/li>\n<li>Graduate Degree in Tax Law<\/li>\n<li>Graduate degree in Negotiation<\/li>\n<li>Graduate degree in Conciliation<\/li>\n<li>Graduate Degree in Negotiation, Conciliation, and Arbitration<\/li>\n<li>Graduate degree in Family Law, Childhood and Adolescence<\/li>\n<li>Graduate Degree in Human Rights<\/li>\n<li>Graduate Degree in Labor Law<\/li>\n<li>Law degree and Bachelor of Political Science, Universidad Mayor de San Andr\u00e9s (UMSA).<\/li>\n<\/ul>\n<p>[\/vc_column_text][vc_text_separator title=&#8221;Work experience&#8221; color=&#8221;custom&#8221; accent_color=&#8221;#7e141f&#8221;][vc_column_text]Rosario Canedo is the Senior Founding Partner of Galindo Canedo &amp; Asociados. She is a lawyer with a recognized and prestigious professional trajectory at the national and international levels. With more than 37 years in the practice of law, she has established herself as one of the most respected and experienced professionals within the field of law at a global level.<\/p>\n<p>During her outstanding professional career, she has advised and represented leading national and international companies and has established herself as one of the few Bolivian lawyers sponsoring proceedings before the Inter-American Court of Human Rights (IACHR). Her excellence in her academic training has led her to be elected as Minister of the former Supreme Court of Justice of the Nation, now Supreme Court of Justice of the Nation, holding the position of President of the Civil and Criminal Chambers of the Supreme Court. Likewise, Dr. Canedo is Arbitrator of the Chamber of Industry, Commerce, Services, and Tourism of Santa Cruz CAINCO.[\/vc_column_text][vc_text_separator title=&#8221;AREAS OF PRACTICE&#8221; color=&#8221;custom&#8221; accent_color=&#8221;#7e141f&#8221;][vc_column_text]<\/p>\n<p style=\"text-align: center;\"><a href=\"https:\/\/www.galindocanedolawfirm.com\/en\/corporative\/\">CORPORATIVE<\/a>\u00a0l <a href=\"https:\/\/www.galindocanedolawfirm.com\/en\/litigation-and-arbitration-law\/\">LITIGATION AND ARBITRATION LAW<\/a> l <a href=\"https:\/\/www.galindocanedolawfirm.com\/en\/administrative-law\/\">ADMINISTRATIVE LAW<\/a> l\u00a0 <a href=\"https:\/\/www.galindocanedolawfirm.com\/en\/tax-and-costums-law\/\">TAX AND COSTUMS LAW<\/a> l <a href=\"https:\/\/www.galindocanedolawfirm.com\/en\/labor-law\/\">LABOR LAW<\/a> l <a href=\"https:\/\/www.galindocanedolawfirm.com\/en\/hydrocarbons-and-energy-law\/\">HYDROCARBONS AND ENERGY LAW<\/a> l <a href=\"https:\/\/www.galindocanedolawfirm.com\/en\/mining-law\/\">MINING LAW<\/a> l <a href=\"https:\/\/www.galindocanedolawfirm.com\/en\/family-law\/\">FAMILY LAW<\/a> l PENAL l CIVIL l CONSTITUTIONAL l <a href=\"https:\/\/www.galindocanedolawfirm.com\/en\/telecomunication\/\">TELECOMUNICATION<\/a> l <a href=\"https:\/\/www.galindocanedolawfirm.com\/en\/international-trade\/\">INTERNATIONAL TRADE<\/a><\/p>\n<p>[\/vc_column_text][vc_text_separator title=&#8221;LANGUAGES&#8221; color=&#8221;custom&#8221; accent_color=&#8221;#7e141f&#8221;]<div class=\"porto-feature-box wpb_content_element \"><div class=\"feature-box feature-box-style-2\"><div class=\"feature-box-icon\"><i class=\"Simple-Line-Icons-check\" style=\"font-size:22px\"><\/i><\/div><div class=\"feature-box-info\">[vc_custom_heading text=&#8221;SPANISH&#8221; font_container=&#8221;tag:h2|font_size:12|text_align:left&#8221; use_theme_fonts=&#8221;yes&#8221; css=&#8221;.vc_custom_1659632598997{margin-top: 0px !important;margin-bottom: 0px !important;}&#8221;]<\/div><\/div><\/div><div class=\"porto-feature-box wpb_content_element \"><div class=\"feature-box feature-box-style-2\"><div class=\"feature-box-icon\"><i class=\"Simple-Line-Icons-check\" style=\"font-size:22px\"><\/i><\/div><div class=\"feature-box-info\">[vc_custom_heading text=&#8221;ENGLISH&#8221; font_container=&#8221;tag:h2|font_size:12|text_align:left&#8221; use_theme_fonts=&#8221;yes&#8221; css=&#8221;.vc_custom_1659632615958{margin-top: 0px !important;margin-bottom: 0px !important;}&#8221;]<\/div><\/div><\/div>[\/vc_column_inner][\/vc_row_inner][\/vc_column][\/vc_row][vc_row full_width=&#8221;stretch_row_content&#8221; content_placement=&#8221;middle&#8221; wrap_container=&#8221;yes&#8221; animation_delay=&#8221;&#8221; css=&#8221;.vc_custom_1654706518193{padding-top: 35px !important;background-color: #7e141f !important;background-position: center !important;background-repeat: no-repeat !important;background-size: contain !important;}&#8221;][vc_column width=&#8221;1\/2&#8243; offset=&#8221;vc_col-lg-6&#8243; el_class=&#8221;mb-5 mb-xl-0&#8243;][vc_custom_heading text=&#8221;Do you need our services?&#8221; font_container=&#8221;tag:h2|font_size:2.75em|text_align:center|color:%23ffffff&#8221; use_theme_fonts=&#8221;yes&#8221; font_weight=&#8221;700&#8243; skin=&#8221;light&#8221; letter_spacing=&#8221;-1px&#8221; animation_delay=&#8221;750&#8243; el_class=&#8221;mb-2 font-style-normal&#8221; animation_type=&#8221;lightSpeedIn&#8221;][vc_custom_heading text=&#8221;Leave us your information so that an expert can contact you.&#8221; font_container=&#8221;tag:h5|text_align:center|line_height:26px&#8221; use_theme_fonts=&#8221;yes&#8221; skin=&#8221;light&#8221; animation_delay=&#8221;950&#8243; el_class=&#8221;mb-0 opacity-8&#8243; animation_type=&#8221;lightSpeedIn&#8221; css=&#8221;.vc_custom_1659632664612{padding-top: 10px !important;padding-bottom: 10px !important;}&#8221;][vc_btn title=&#8221;CONTACT US&#8221; align=&#8221;center&#8221; i_icon_fontawesome=&#8221;far fa-envelope&#8221; skin=&#8221;primary&#8221; btn_fw=&#8221;600&#8243; add_icon=&#8221;true&#8221; link=&#8221;url:https%3A%2F%2Fwww.galindocanedolawfirm.com%2Fen%2Fcontact-us-at%2F|title:Contacto&#8221; btn_px=&#8221;2.4rem&#8221; btn_py=&#8221;1rem&#8221; el_class=&#8221;text-uppercase mb-0 btnsoe&#8221; css=&#8221;.vc_custom_1659632750221{padding-top: 10px !important;padding-bottom: 10px !important;}&#8221;][\/vc_column][vc_column width=&#8221;1\/2&#8243;][vc_single_image image=&#8221;3322&#8243; img_size=&#8221;700&#215;383&#8243;][\/vc_column][\/vc_row]<\/p>\n","protected":false},"excerpt":{"rendered":"<p>[vc_row wrap_container=&#8221;yes&#8221; el_class=&#8221;py-5 mt-4&#8243; css=&#8221;.vc_custom_1608025504739{border-bottom-width: 1px !important;border-bottom-color: rgba(0,0,0,0.06) !important;border-bottom-style: solid !important;}&#8221;][vc_column][vc_row_inner][vc_column_inner width=&#8221;1\/3&#8243;][vc_single_image image=&#8221;3158&#8243; img_size=&#8221;350&#215;490&#8243; alignment=&#8221;center&#8221; style=&#8221;vc_box_border&#8221;][vc_text_separator title=&#8221;&#8221; i_icon_fontawesome=&#8221;fas fa-building&#8221; i_color=&#8221;mulled_wine&#8221; i_size=&#8221;lg&#8221; add_icon=&#8221;true&#8221;][vc_column_text] ROSARIO CANEDO JUSTINIANO FOUNDING PARTNER[\/vc_column_text][\/vc_column_inner][vc_column_inner width=&#8221;2\/3&#8243;][vc_text_separator title=&#8221;Academic Background&#8221; color=&#8221;custom&#8221; accent_color=&#8221;#7e141f&#8221;][vc_column_text] Master&#8217;s Degree in Criminal Sciences and Criminal Procedures, Universidad de San Andr\u00e9s. Master&#8217;s Degree in Economic Law, Universidad Andina Sim\u00f3n Bol\u00edvar. Master&#8217;s Degree [&hellip;]<\/p>\n","protected":false},"author":1,"featured_media":0,"parent":0,"menu_order":0,"comment_status":"closed","ping_status":"closed","template":"","meta":{"footnotes":""},"class_list":["post-3424","page","type-page","status-publish","hentry"],"_links":{"self":[{"href":"https:\/\/www.galindocanedolawfirm.com\/en\/wp-json\/wp\/v2\/pages\/3424","targetHints":{"allow":["GET"]}}],"collection":[{"href":"https:\/\/www.galindocanedolawfirm.com\/en\/wp-json\/wp\/v2\/pages"}],"about":[{"href":"https:\/\/www.galindocanedolawfirm.com\/en\/wp-json\/wp\/v2\/types\/page"}],"author":[{"embeddable":true,"href":"https:\/\/www.galindocanedolawfirm.com\/en\/wp-json\/wp\/v2\/users\/1"}],"replies":[{"embeddable":true,"href":"https:\/\/www.galindocanedolawfirm.com\/en\/wp-json\/wp\/v2\/comments?post=3424"}],"version-history":[{"count":53,"href":"https:\/\/www.galindocanedolawfirm.com\/en\/wp-json\/wp\/v2\/pages\/3424\/revisions"}],"predecessor-version":[{"id":3808,"href":"https:\/\/www.galindocanedolawfirm.com\/en\/wp-json\/wp\/v2\/pages\/3424\/revisions\/3808"}],"wp:attachment":[{"href":"https:\/\/www.galindocanedolawfirm.com\/en\/wp-json\/wp\/v2\/media?parent=3424"}],"curies":[{"name":"wp","href":"https:\/\/api.w.org\/{rel}","templated":true}]}}